{"id":7276,"date":"2024-05-30T17:02:45","date_gmt":"2024-05-30T17:02:45","guid":{"rendered":"https:\/\/handenwerk.eu\/?post_type=product&#038;p=7276"},"modified":"2025-10-27T17:58:00","modified_gmt":"2025-10-27T17:58:00","slug":"starterskit","status":"publish","type":"product","link":"https:\/\/handenwerk.eu\/en\/product\/starterskit\/","title":{"rendered":"Starterskit"},"content":{"rendered":"<p>Ben je zelf masseur of lichaamswerker en zoek je een mat voor je praktijk? Ik maak ze zelf voor jou! De mat bestaat uit een sterke bondfoam die aangenaam is voor je pati\u00ebnt \u00e9n voor je eigen knie\u00ebn. De mat komt met een opbergzak om je massage mat in op te bergen en om mee te nemen. Verkrijgbaar in rood, geel, groen, beige en blauw.<\/p>\n<p>Zorg voor de omgeving is belangrijk voor Handenwerk. Daarom worden onze materialen zorgvuldig uitgezocht. De bondfoam is gerecycleerd en werd geproduceerd in Belgi\u00eb. De stof heeft een ecolabel en werd in Europa geproduceerd. Alle matten worden met veel liefde handgemaakt in Belgi\u00eb.<\/p>\n<p>&nbsp;<\/p>\n<p><strong>Afmeting en gewicht<br \/>\n<\/strong><\/p>\n<p>zak: 36cm*140cm*2cm<\/p>\n<p>mat: 130cm*200cm*2cm. Een mat weegt 8kg.<\/p>\n<p>&nbsp;<\/p>\n<p><strong>Onderhoud<\/strong><\/p>\n<p>Schoonmaken kan met een kledingroller of met een vochtige doek. De stof kan ook op koud water in de handwas.<\/p>\n<p>&nbsp;<\/p>","protected":false},"excerpt":{"rendered":"<p>Ben je zelf masseur of lichaamswerker en zoek je een mat voor je praktijk? Ik maak ze zelf voor jou! De mat bestaat uit een sterke bondfoam die aangenaam is voor je pati\u00ebnt \u00e9n voor je eigen knie\u00ebn. De mat komt met een opbergzak om je massage mat in op te bergen en om mee [&hellip;]<\/p>\n","protected":false},"featured_media":6738,"template":"","meta":[],"product_brand":[],"product_cat":[110],"product_tag":[],"class_list":{"0":"post-7276","1":"product","2":"type-product","3":"status-publish","4":"has-post-thumbnail","6":"product_cat-uncategorized","8":"first","9":"instock","10":"taxable","11":"shipping-taxable","12":"purchasable","13":"product-type-variable"},"yoast_head":"<!-- This site is optimized with the Yoast SEO plugin v27.3 - https:\/\/yoast.com\/product\/yoast-seo-wordpress\/ -->\n<title>Starterskit - handenwerk.eu<\/title>\n<meta name=\"robots\" content=\"index, follow, max-snippet:-1, max-image-preview:large, max-video-preview:-1\" \/>\n<link rel=\"canonical\" href=\"https:\/\/handenwerk.eu\/en\/product\/starterskit\/\" \/>\n<meta property=\"og:locale\" content=\"en_GB\" \/>\n<meta property=\"og:type\" content=\"article\" \/>\n<meta property=\"og:title\" content=\"Starterskit - handenwerk.eu\" \/>\n<meta property=\"og:description\" content=\"Ben je zelf masseur of lichaamswerker en zoek je een mat voor je praktijk? Ik maak ze zelf voor jou! De mat bestaat uit een sterke bondfoam die aangenaam is voor je pati\u00ebnt \u00e9n voor je eigen knie\u00ebn. De mat komt met een opbergzak om je massage mat in op te bergen en om mee [&hellip;]\" \/>\n<meta property=\"og:url\" content=\"https:\/\/handenwerk.eu\/en\/product\/starterskit\/\" \/>\n<meta property=\"og:site_name\" content=\"handenwerk.eu\" \/>\n<meta property=\"article:modified_time\" content=\"2025-10-27T17:58:00+00:00\" \/>\n<meta property=\"og:image\" content=\"https:\/\/handenwerk.eu\/wp-content\/uploads\/2024\/02\/IMG_20231222_133323798-scaled.jpg\" \/>\n\t<meta property=\"og:image:width\" content=\"1928\" \/>\n\t<meta property=\"og:image:height\" content=\"2560\" \/>\n\t<meta property=\"og:image:type\" content=\"image\/jpeg\" \/>\n<meta name=\"twitter:card\" content=\"summary_large_image\" \/>\n<meta name=\"twitter:label1\" content=\"Estimated reading time\" \/>\n\t<meta name=\"twitter:data1\" content=\"1 minute\" \/>\n<script type=\"application\/ld+json\" class=\"yoast-schema-graph\">{\"@context\":\"https:\\\/\\\/schema.org\",\"@graph\":[{\"@type\":\"WebPage\",\"@id\":\"https:\\\/\\\/handenwerk.eu\\\/en\\\/product\\\/starterskit\\\/\",\"url\":\"https:\\\/\\\/handenwerk.eu\\\/en\\\/product\\\/starterskit\\\/\",\"name\":\"Starterskit - handenwerk.eu\",\"isPartOf\":{\"@id\":\"https:\\\/\\\/handenwerk.eu\\\/#website\"},\"primaryImageOfPage\":{\"@id\":\"https:\\\/\\\/handenwerk.eu\\\/en\\\/product\\\/starterskit\\\/#primaryimage\"},\"image\":{\"@id\":\"https:\\\/\\\/handenwerk.eu\\\/en\\\/product\\\/starterskit\\\/#primaryimage\"},\"thumbnailUrl\":\"https:\\\/\\\/handenwerk.eu\\\/wp-content\\\/uploads\\\/2024\\\/02\\\/IMG_20231222_133323798-scaled.jpg\",\"datePublished\":\"2024-05-30T17:02:45+00:00\",\"dateModified\":\"2025-10-27T17:58:00+00:00\",\"breadcrumb\":{\"@id\":\"https:\\\/\\\/handenwerk.eu\\\/en\\\/product\\\/starterskit\\\/#breadcrumb\"},\"inLanguage\":\"en-GB\",\"potentialAction\":[{\"@type\":\"ReadAction\",\"target\":[\"https:\\\/\\\/handenwerk.eu\\\/en\\\/product\\\/starterskit\\\/\"]}]},{\"@type\":\"ImageObject\",\"inLanguage\":\"en-GB\",\"@id\":\"https:\\\/\\\/handenwerk.eu\\\/en\\\/product\\\/starterskit\\\/#primaryimage\",\"url\":\"https:\\\/\\\/handenwerk.eu\\\/wp-content\\\/uploads\\\/2024\\\/02\\\/IMG_20231222_133323798-scaled.jpg\",\"contentUrl\":\"https:\\\/\\\/handenwerk.eu\\\/wp-content\\\/uploads\\\/2024\\\/02\\\/IMG_20231222_133323798-scaled.jpg\",\"width\":1928,\"height\":2560,\"caption\":\"Handenwerk.eu Wij zijn de handen van Ann-Sofie Handgemaakte Draaagtas Massage Mat\"},{\"@type\":\"BreadcrumbList\",\"@id\":\"https:\\\/\\\/handenwerk.eu\\\/en\\\/product\\\/starterskit\\\/#breadcrumb\",\"itemListElement\":[{\"@type\":\"ListItem\",\"position\":1,\"name\":\"Home\",\"item\":\"https:\\\/\\\/handenwerk.eu\\\/\"},{\"@type\":\"ListItem\",\"position\":2,\"name\":\"Shop\",\"item\":\"https:\\\/\\\/handenwerk.eu\\\/shop\\\/\"},{\"@type\":\"ListItem\",\"position\":3,\"name\":\"Starterskit\"}]},{\"@type\":\"WebSite\",\"@id\":\"https:\\\/\\\/handenwerk.eu\\\/#website\",\"url\":\"https:\\\/\\\/handenwerk.eu\\\/\",\"name\":\"handenwerk.eu\",\"description\":\"Wij zijn de handen van Ann-Sofie\",\"publisher\":{\"@id\":\"https:\\\/\\\/handenwerk.eu\\\/#organization\"},\"potentialAction\":[{\"@type\":\"SearchAction\",\"target\":{\"@type\":\"EntryPoint\",\"urlTemplate\":\"https:\\\/\\\/handenwerk.eu\\\/?s={search_term_string}\"},\"query-input\":{\"@type\":\"PropertyValueSpecification\",\"valueRequired\":true,\"valueName\":\"search_term_string\"}}],\"inLanguage\":\"en-GB\"},{\"@type\":\"Organization\",\"@id\":\"https:\\\/\\\/handenwerk.eu\\\/#organization\",\"name\":\"handenwerk.eu\",\"url\":\"https:\\\/\\\/handenwerk.eu\\\/\",\"logo\":{\"@type\":\"ImageObject\",\"inLanguage\":\"en-GB\",\"@id\":\"https:\\\/\\\/handenwerk.eu\\\/#\\\/schema\\\/logo\\\/image\\\/\",\"url\":\"https:\\\/\\\/handenwerk.eu\\\/wp-content\\\/uploads\\\/2024\\\/03\\\/cropped-Logo-transparant-2.png\",\"contentUrl\":\"https:\\\/\\\/handenwerk.eu\\\/wp-content\\\/uploads\\\/2024\\\/03\\\/cropped-Logo-transparant-2.png\",\"width\":512,\"height\":512,\"caption\":\"handenwerk.eu\"},\"image\":{\"@id\":\"https:\\\/\\\/handenwerk.eu\\\/#\\\/schema\\\/logo\\\/image\\\/\"}}]}<\/script>\n<!-- \/ Yoast SEO plugin. -->","yoast_head_json":{"title":"Starterskit - handenwerk.eu","robots":{"index":"index","follow":"follow","max-snippet":"max-snippet:-1","max-image-preview":"max-image-preview:large","max-video-preview":"max-video-preview:-1"},"canonical":"https:\/\/handenwerk.eu\/en\/product\/starterskit\/","og_locale":"en_GB","og_type":"article","og_title":"Starterskit - handenwerk.eu","og_description":"Ben je zelf masseur of lichaamswerker en zoek je een mat voor je praktijk? Ik maak ze zelf voor jou! De mat bestaat uit een sterke bondfoam die aangenaam is voor je pati\u00ebnt \u00e9n voor je eigen knie\u00ebn. De mat komt met een opbergzak om je massage mat in op te bergen en om mee [&hellip;]","og_url":"https:\/\/handenwerk.eu\/en\/product\/starterskit\/","og_site_name":"handenwerk.eu","article_modified_time":"2025-10-27T17:58:00+00:00","og_image":[{"width":1928,"height":2560,"url":"https:\/\/handenwerk.eu\/wp-content\/uploads\/2024\/02\/IMG_20231222_133323798-scaled.jpg","type":"image\/jpeg"}],"twitter_card":"summary_large_image","twitter_misc":{"Estimated reading time":"1 minute"},"schema":{"@context":"https:\/\/schema.org","@graph":[{"@type":"WebPage","@id":"https:\/\/handenwerk.eu\/en\/product\/starterskit\/","url":"https:\/\/handenwerk.eu\/en\/product\/starterskit\/","name":"Starterskit - handenwerk.eu","isPartOf":{"@id":"https:\/\/handenwerk.eu\/#website"},"primaryImageOfPage":{"@id":"https:\/\/handenwerk.eu\/en\/product\/starterskit\/#primaryimage"},"image":{"@id":"https:\/\/handenwerk.eu\/en\/product\/starterskit\/#primaryimage"},"thumbnailUrl":"https:\/\/handenwerk.eu\/wp-content\/uploads\/2024\/02\/IMG_20231222_133323798-scaled.jpg","datePublished":"2024-05-30T17:02:45+00:00","dateModified":"2025-10-27T17:58:00+00:00","breadcrumb":{"@id":"https:\/\/handenwerk.eu\/en\/product\/starterskit\/#breadcrumb"},"inLanguage":"en-GB","potentialAction":[{"@type":"ReadAction","target":["https:\/\/handenwerk.eu\/en\/product\/starterskit\/"]}]},{"@type":"ImageObject","inLanguage":"en-GB","@id":"https:\/\/handenwerk.eu\/en\/product\/starterskit\/#primaryimage","url":"https:\/\/handenwerk.eu\/wp-content\/uploads\/2024\/02\/IMG_20231222_133323798-scaled.jpg","contentUrl":"https:\/\/handenwerk.eu\/wp-content\/uploads\/2024\/02\/IMG_20231222_133323798-scaled.jpg","width":1928,"height":2560,"caption":"Handenwerk.eu Wij zijn de handen van Ann-Sofie Handgemaakte Draaagtas Massage Mat"},{"@type":"BreadcrumbList","@id":"https:\/\/handenwerk.eu\/en\/product\/starterskit\/#breadcrumb","itemListElement":[{"@type":"ListItem","position":1,"name":"Home","item":"https:\/\/handenwerk.eu\/"},{"@type":"ListItem","position":2,"name":"Shop","item":"https:\/\/handenwerk.eu\/shop\/"},{"@type":"ListItem","position":3,"name":"Starterskit"}]},{"@type":"WebSite","@id":"https:\/\/handenwerk.eu\/#website","url":"https:\/\/handenwerk.eu\/","name":"handenwerk.eu","description":"We are the hands of Ann-Sofie","publisher":{"@id":"https:\/\/handenwerk.eu\/#organization"},"potentialAction":[{"@type":"SearchAction","target":{"@type":"EntryPoint","urlTemplate":"https:\/\/handenwerk.eu\/?s={search_term_string}"},"query-input":{"@type":"PropertyValueSpecification","valueRequired":true,"valueName":"search_term_string"}}],"inLanguage":"en-GB"},{"@type":"Organization","@id":"https:\/\/handenwerk.eu\/#organization","name":"handenwerk.eu","url":"https:\/\/handenwerk.eu\/","logo":{"@type":"ImageObject","inLanguage":"en-GB","@id":"https:\/\/handenwerk.eu\/#\/schema\/logo\/image\/","url":"https:\/\/handenwerk.eu\/wp-content\/uploads\/2024\/03\/cropped-Logo-transparant-2.png","contentUrl":"https:\/\/handenwerk.eu\/wp-content\/uploads\/2024\/03\/cropped-Logo-transparant-2.png","width":512,"height":512,"caption":"handenwerk.eu"},"image":{"@id":"https:\/\/handenwerk.eu\/#\/schema\/logo\/image\/"}}]}},"_links":{"self":[{"href":"https:\/\/handenwerk.eu\/en\/wp-json\/wp\/v2\/product\/7276","targetHints":{"allow":["GET"]}}],"collection":[{"href":"https:\/\/handenwerk.eu\/en\/wp-json\/wp\/v2\/product"}],"about":[{"href":"https:\/\/handenwerk.eu\/en\/wp-json\/wp\/v2\/types\/product"}],"wp:featuredmedia":[{"embeddable":true,"href":"https:\/\/handenwerk.eu\/en\/wp-json\/wp\/v2\/media\/6738"}],"wp:attachment":[{"href":"https:\/\/handenwerk.eu\/en\/wp-json\/wp\/v2\/media?parent=7276"}],"wp:term":[{"taxonomy":"product_brand","embeddable":true,"href":"https:\/\/handenwerk.eu\/en\/wp-json\/wp\/v2\/product_brand?post=7276"},{"taxonomy":"product_cat","embeddable":true,"href":"https:\/\/handenwerk.eu\/en\/wp-json\/wp\/v2\/product_cat?post=7276"},{"taxonomy":"product_tag","embeddable":true,"href":"https:\/\/handenwerk.eu\/en\/wp-json\/wp\/v2\/product_tag?post=7276"}],"curies":[{"name":"wp","href":"https:\/\/api.w.org\/{rel}","templated":true}]}}